{"id":585,"date":"2021-02-04T11:17:42","date_gmt":"2021-02-04T11:17:42","guid":{"rendered":"https:\/\/fafila.hu\/?page_id=585"},"modified":"2023-03-15T10:14:53","modified_gmt":"2023-03-15T10:14:53","slug":"impresszum","status":"publish","type":"page","link":"https:\/\/fafila.hu\/?page_id=585","title":{"rendered":"Impresszum"},"content":{"rendered":"\t\t<div data-elementor-type=\"wp-page\" data-elementor-id=\"585\" class=\"elementor elementor-585\">\n\t\t\t\t\t\t<div class=\"elementor-inner\">\n\t\t\t\t<div class=\"elementor-section-wrap\">\n\t\t\t\t\t\t\t\t\t<section class=\"elementor-section elementor-top-section elementor-element elementor-element-00144a1 elementor-section-boxed elementor-section-height-default elementor-section-height-default\" data-id=\"00144a1\" data-element_type=\"section\">\n\t\t\t\t\t\t<div class=\"elementor-container elementor-column-gap-default\">\n\t\t\t\t\t\t\t<div class=\"elementor-row\">\n\t\t\t\t\t<div class=\"elementor-column elementor-col-100 elementor-top-column elementor-element elementor-element-02cbc4a\" data-id=\"02cbc4a\" data-element_type=\"column\">\n\t\t\t<div class=\"elementor-column-wrap elementor-element-populated\">\n\t\t\t\t\t\t\t<div class=\"elementor-widget-wrap\">\n\t\t\t\t\t\t<div class=\"elementor-element elementor-element-0937560 elementor-widget elementor-widget-heading\" data-id=\"0937560\" data-element_type=\"widget\" data-widget_type=\"heading.default\">\n\t\t\t\t<div class=\"elementor-widget-container\">\n\t\t\t<h2 class=\"elementor-heading-title elementor-size-default\">A megrendelt term\u00e9k fizet\u00e9s\u00e9nek m\u00f3dja<\/h2>\t\t<\/div>\n\t\t\t\t<\/div>\n\t\t\t\t\t\t<\/div>\n\t\t\t\t\t<\/div>\n\t\t<\/div>\n\t\t\t\t\t\t\t\t<\/div>\n\t\t\t\t\t<\/div>\n\t\t<\/section>\n\t\t\t\t<section class=\"elementor-section elementor-top-section elementor-element elementor-element-e94051d elementor-section-boxed elementor-section-height-default elementor-section-height-default\" data-id=\"e94051d\" data-element_type=\"section\">\n\t\t\t\t\t\t<div class=\"elementor-container elementor-column-gap-default\">\n\t\t\t\t\t\t\t<div class=\"elementor-row\">\n\t\t\t\t\t<div class=\"elementor-column elementor-col-100 elementor-top-column elementor-element elementor-element-e1ecb21\" data-id=\"e1ecb21\" data-element_type=\"column\">\n\t\t\t<div class=\"elementor-column-wrap elementor-element-populated\">\n\t\t\t\t\t\t\t<div class=\"elementor-widget-wrap\">\n\t\t\t\t\t\t<div class=\"elementor-element elementor-element-2014879 elementor-widget elementor-widget-text-editor\" data-id=\"2014879\" data-element_type=\"widget\" data-widget_type=\"text-editor.default\">\n\t\t\t\t<div class=\"elementor-widget-container\">\n\t\t\t\t\t\t\t\t<div class=\"elementor-text-editor elementor-clearfix\">\n\t\t\t\t<p>A megrendelt term\u00e9k fizet\u00e9s\u00e9nek m\u00f3dja<\/p><p>\u2022 Banki el\u0151re utal\u00e1ssal t\u00f6rt\u00e9n\u0151 teljes\u00edt\u00e9s: ha m\u00e1r visszaigazoltuk az \u00d6n megrendel\u00e9s\u00e9t, akkor egy d\u00edjbek\u00e9r\u0151 sz\u00e1ml\u00e1t k\u00fcld\u00fcnk \u00d6nnek melyben a d\u00edjbek\u00e9r\u0151 sz\u00e1mla sorsz\u00e1m\u00e1ra vagy a megrendel\u00e9si azonos\u00edt\u00f3sz\u00e1mra kell a k\u00f6zlem\u00e9ny rovatban hivatkozni. Amennyiben az \u00e1tutalt \u00f6sszeget j\u00f3v\u00e1\u00edrj\u00e1k a banksz\u00e1ml\u00e1nkon, csak ezt k\u00f6vet\u0151en adjuk fel a fut\u00e1rszolg\u00e1lattal a term\u00e9ket.<\/p><p>\u2022 Szem\u00e9lyesen t\u00f6rt\u00e9n\u0151 teljes\u00edt\u00e9s: Ez esetben \u00d6n az \u00fczemeltet\u0151 sz\u00e9khely\u00e9n\/telephely\u00e9n k\u00e9szp\u00e9nzben forintban fizeti meg a term\u00e9k v\u00e9tel\u00e1r\u00e1t.<\/p><p>\u2022 Ut\u00e1nv\u00e9ttel t\u00f6rt\u00e9n\u0151 teljes\u00edt\u00e9s: A term\u00e9ket az \u00e1ltalunk megb\u00edzott fut\u00e1rszolg\u00e1lat sz\u00e1ll\u00edtja ki az \u00d6n \u00e1ltal megadott c\u00edmre, ahol a term\u00e9k, vagy term\u00e9kek sz\u00e1mla szerinti \u00e1r\u00e1t a fut\u00e1rnak kell k\u00e9szp\u00e9nzben kifizetni.<\/p><p>A fizetend\u0151 v\u00e9g\u00f6sszeg a megrendel\u00e9s \u00f6sszes\u00edt\u0151je \u00e9s visszaigazol\u00f3 lev\u00e9l vagy az \u00e1ltalunk adott \u00e1raj\u00e1nlat alapj\u00e1n minden k\u00f6lts\u00e9get tartalmaz. A sz\u00e1ml\u00e1t \u00e9s a garancialevelet a csomag tartalmazza. K\u00e9rj\u00fck a csomagot k\u00e9zbes\u00edt\u00e9skor a k\u00e9zbes\u00edt\u0151 el\u0151tt sz\u00edveskedj\u00e9k megvizsg\u00e1lni, \u00e9s esetlegesen a term\u00e9keken \u00e9szlelt s\u00e9r\u00fcl\u00e9s, vagy hi\u00e1ny eset\u00e9n k\u00e9rje jegyz\u0151k\u00f6nyv felv\u00e9tel\u00e9t \u00e9s ne vegye \u00e1t a csomagot. Ut\u00f3lagos, jegyz\u0151k\u00f6nyv n\u00e9lk\u00fcli reklam\u00e1ci\u00f3t nem \u00e1ll m\u00f3dunkban elfogadni.<\/p>\t\t\t\t\t<\/div>\n\t\t\t\t\t\t<\/div>\n\t\t\t\t<\/div>\n\t\t\t\t\t\t<\/div>\n\t\t\t\t\t<\/div>\n\t\t<\/div>\n\t\t\t\t\t\t\t\t<\/div>\n\t\t\t\t\t<\/div>\n\t\t<\/section>\n\t\t\t\t\t\t\t\t\t<\/div>\n\t\t\t<\/div>\n\t\t\t\t\t<\/div>\n\t\t","protected":false},"excerpt":{"rendered":"<p>A megrendelt term\u00e9k fizet\u00e9s\u00e9nek m\u00f3dja A megrendelt term\u00e9k fizet\u00e9s\u00e9nek m\u00f3dja \u2022 Banki el\u0151re utal\u00e1ssal t\u00f6rt\u00e9n\u0151 teljes\u00edt\u00e9s: ha m\u00e1r visszaigazoltuk az \u00d6n megrendel\u00e9s\u00e9t, akkor egy d\u00edjbek\u00e9r\u0151 sz\u00e1ml\u00e1t k\u00fcld\u00fcnk \u00d6nnek melyben a d\u00edjbek\u00e9r\u0151 sz\u00e1mla sorsz\u00e1m\u00e1ra vagy a megrendel\u00e9si azonos\u00edt\u00f3sz\u00e1mra kell a k\u00f6zlem\u00e9ny rovatban hivatkozni. Amennyiben az \u00e1tutalt \u00f6sszeget j\u00f3v\u00e1\u00edrj\u00e1k a banksz\u00e1ml\u00e1nkon, csak ezt k\u00f6vet\u0151en adjuk fel a [&hellip;]<\/p>\n","protected":false},"author":1,"featured_media":0,"parent":0,"menu_order":0,"comment_status":"closed","ping_status":"closed","template":"elementor_header_footer","meta":{"_mi_skip_tracking":false,"footnotes":""},"class_list":["post-585","page","type-page","status-publish","hentry"],"aioseo_notices":[],"_links":{"self":[{"href":"https:\/\/fafila.hu\/index.php?rest_route=\/wp\/v2\/pages\/585","targetHints":{"allow":["GET"]}}],"collection":[{"href":"https:\/\/fafila.hu\/index.php?rest_route=\/wp\/v2\/pages"}],"about":[{"href":"https:\/\/fafila.hu\/index.php?rest_route=\/wp\/v2\/types\/page"}],"author":[{"embeddable":true,"href":"https:\/\/fafila.hu\/index.php?rest_route=\/wp\/v2\/users\/1"}],"replies":[{"embeddable":true,"href":"https:\/\/fafila.hu\/index.php?rest_route=%2Fwp%2Fv2%2Fcomments&post=585"}],"version-history":[{"count":16,"href":"https:\/\/fafila.hu\/index.php?rest_route=\/wp\/v2\/pages\/585\/revisions"}],"predecessor-version":[{"id":1075,"href":"https:\/\/fafila.hu\/index.php?rest_route=\/wp\/v2\/pages\/585\/revisions\/1075"}],"wp:attachment":[{"href":"https:\/\/fafila.hu\/index.php?rest_route=%2Fwp%2Fv2%2Fmedia&parent=585"}],"curies":[{"name":"wp","href":"https:\/\/api.w.org\/{rel}","templated":true}]}}