{"id":604,"date":"2021-02-04T12:13:07","date_gmt":"2021-02-04T12:13:07","guid":{"rendered":"https:\/\/fafila.hu\/?page_id=604"},"modified":"2023-03-15T10:15:57","modified_gmt":"2023-03-15T10:15:57","slug":"adatvedelem","status":"publish","type":"page","link":"https:\/\/fafila.hu\/?page_id=604","title":{"rendered":"Adatv\u00e9delem"},"content":{"rendered":"\t\t<div data-elementor-type=\"wp-page\" data-elementor-id=\"604\" class=\"elementor elementor-604\">\n\t\t\t\t\t\t<div class=\"elementor-inner\">\n\t\t\t\t<div class=\"elementor-section-wrap\">\n\t\t\t\t\t\t\t\t\t<section class=\"elementor-section elementor-top-section elementor-element elementor-element-6a7cb67 elementor-section-boxed elementor-section-height-default elementor-section-height-default\" data-id=\"6a7cb67\" data-element_type=\"section\">\n\t\t\t\t\t\t<div class=\"elementor-container elementor-column-gap-default\">\n\t\t\t\t\t\t\t<div class=\"elementor-row\">\n\t\t\t\t\t<div class=\"elementor-column elementor-col-100 elementor-top-column elementor-element elementor-element-b3ce19b\" data-id=\"b3ce19b\" data-element_type=\"column\">\n\t\t\t<div class=\"elementor-column-wrap elementor-element-populated\">\n\t\t\t\t\t\t\t<div class=\"elementor-widget-wrap\">\n\t\t\t\t\t\t<div class=\"elementor-element elementor-element-9adcffd elementor-widget elementor-widget-heading\" data-id=\"9adcffd\" data-element_type=\"widget\" data-widget_type=\"heading.default\">\n\t\t\t\t<div class=\"elementor-widget-container\">\n\t\t\t<h2 class=\"elementor-heading-title elementor-size-default\">Adatv\u00e9delem<\/h2>\t\t<\/div>\n\t\t\t\t<\/div>\n\t\t\t\t\t\t<\/div>\n\t\t\t\t\t<\/div>\n\t\t<\/div>\n\t\t\t\t\t\t\t\t<\/div>\n\t\t\t\t\t<\/div>\n\t\t<\/section>\n\t\t\t\t<section class=\"elementor-section elementor-top-section elementor-element elementor-element-70526b5 elementor-section-boxed elementor-section-height-default elementor-section-height-default\" data-id=\"70526b5\" data-element_type=\"section\">\n\t\t\t\t\t\t<div class=\"elementor-container elementor-column-gap-default\">\n\t\t\t\t\t\t\t<div class=\"elementor-row\">\n\t\t\t\t\t<div class=\"elementor-column elementor-col-100 elementor-top-column elementor-element elementor-element-0364218\" data-id=\"0364218\" data-element_type=\"column\">\n\t\t\t<div class=\"elementor-column-wrap elementor-element-populated\">\n\t\t\t\t\t\t\t<div class=\"elementor-widget-wrap\">\n\t\t\t\t\t\t<div class=\"elementor-element elementor-element-3b63194 elementor-widget elementor-widget-text-editor\" data-id=\"3b63194\" data-element_type=\"widget\" data-widget_type=\"text-editor.default\">\n\t\t\t\t<div class=\"elementor-widget-container\">\n\t\t\t\t\t\t\t\t<div class=\"elementor-text-editor elementor-clearfix\">\n\t\t\t\t<p>Az \u00fczemeltet\u0151 a web\u00e1ruh\u00e1z a haszn\u00e1lata sor\u00e1n a rendelkez\u00e9s\u00e9re bocs\u00e1tott szem\u00e9lyes adatokat bizalmasan kezeli, \u00e9s nem adja ki k\u00edv\u00fcl\u00e1ll\u00f3 harmadik szem\u00e9ly sz\u00e1m\u00e1ra, kiv\u00e9ve abban az esetben amennyiben az alv\u00e1llalkoz\u00f3ja (Pl: fut\u00e1rszolg\u00e1lat \/ k\u00f6zponti iroda ahonnan a kisz\u00e1ll\u00edt\u00e1s t\u00f6rt\u00e9nik.<br \/>A web\u00e1ruh\u00e1z b\u00f6ng\u00e9sz\u00e9se folyam\u00e1n technikai inform\u00e1ci\u00f3k ker\u00fclnek r\u00f6gz\u00edt\u00e9sre statisztikai c\u00e9lokb\u00f3l. (IP c\u00edm, l\u00e1togat\u00e1s id\u0151tartama, stb). Ezen adatokat az \u00fczemeltet\u0151 kiz\u00e1r\u00f3lag jogilag hitelesen indokolt, \u00e9s al\u00e1t\u00e1masztott esetben adja \u00e1t a hat\u00f3s\u00e1gok r\u00e9sz\u00e9re. A szolg\u00e1ltat\u00e1s ig\u00e9nybev\u00e9tel\u00e9hez cookie-k enged\u00e9lyez\u00e9se sz\u00fcks\u00e9ges. Amennyiben nem szeretn\u00e9 enged\u00e9lyezni a cookie-k haszn\u00e1lat\u00e1t, letilthatja a b\u00f6ng\u00e9sz\u0151je be\u00e1ll\u00edt\u00e1saiban. Cookie-k tilt\u00e1sa eset\u00e9n a szolg\u00e1ltat\u00e1s bizonyos elemei csak r\u00e9szben, vagy egy\u00e1ltal\u00e1n nem haszn\u00e1lhat\u00f3ak. A cookie egy olyan f\u00e1jl, amelyet a szerver k\u00fcld a felhaszn\u00e1l\u00f3 b\u00f6ng\u00e9sz\u0151j\u00e9nek, \u00e9s amelyet a felhaszn\u00e1l\u00f3 sz\u00e1m\u00edt\u00f3g\u00e9pe t\u00e1rol. A cookie-ban szem\u00e9lyes adat nem ker\u00fcl t\u00e1rol\u00e1sra. A megrendel\u00e9s folyam\u00e1n r\u00f6gz\u00edtett adatokat az \u00fczemeltet\u0151 a megrendel\u00e9s teljes\u00edt\u00e9s\u00e9hez \u00e9s a h\u00edrlevelek kik\u00fcld\u00e9s\u00e9re haszn\u00e1lja fel. Az egyes informatikai rendszerek \u00e1ltal, a web\u00e1ruh\u00e1z oldalain leadott megrendel\u00e9sb\u0151l k\u00e9sz\u00fclt sz\u00e1mla adatai a rendel\u00e9s lead\u00e1sa folyam\u00e1n megadott adatokkal r\u00f6gz\u00edt\u00e9sre, \u00e9s t\u00e1rol\u00e1sra ker\u00fclnek a hat\u00e1lyos sz\u00e1mviteli t\u00f6rv\u00e9nyben meghat\u00e1rozott id\u0151szakra. A rendel\u00e9s lead\u00e1sokor megadott bizalmas adatokat az \u00fczemeltet\u0151 bizalmasan kezeli A h\u00edrlev\u00e9lr\u0151l val\u00f3 leiratkoz\u00e1st az \u00fczemeltet\u0151 tudja \u00edr\u00e1sos k\u00e9relemre t\u00f6r\u00f6lni a rendszerb\u0151l. Szem\u00e9lyes adatainak t\u00f6rl\u00e9s\u00e9t, m\u00f3dos\u00edt\u00e1s\u00e1t b\u00e1rmikor k\u00e9rheti \u00edr\u00e1sban az \u00fczemeltet\u0151t\u0151l.<br \/>A megrendel\u00e9ssel kezd\u0151d\u0151 elj\u00e1r\u00e1s sor\u00e1n a 2011. \u00e9vi CXII. t\u00f6rv\u00e9ny rendelkez\u00e9sei az ir\u00e1nyad\u00f3k, a szolg\u00e1ltat\u00f3 adatv\u00e9delmi nyilatkozata a honlapon \u00e9rhet\u0151 el.<\/p>\t\t\t\t\t<\/div>\n\t\t\t\t\t\t<\/div>\n\t\t\t\t<\/div>\n\t\t\t\t\t\t<\/div>\n\t\t\t\t\t<\/div>\n\t\t<\/div>\n\t\t\t\t\t\t\t\t<\/div>\n\t\t\t\t\t<\/div>\n\t\t<\/section>\n\t\t\t\t\t\t\t\t\t<\/div>\n\t\t\t<\/div>\n\t\t\t\t\t<\/div>\n\t\t","protected":false},"excerpt":{"rendered":"<p>Adatv\u00e9delem Az \u00fczemeltet\u0151 a web\u00e1ruh\u00e1z a haszn\u00e1lata sor\u00e1n a rendelkez\u00e9s\u00e9re bocs\u00e1tott szem\u00e9lyes adatokat bizalmasan kezeli, \u00e9s nem adja ki k\u00edv\u00fcl\u00e1ll\u00f3 harmadik szem\u00e9ly sz\u00e1m\u00e1ra, kiv\u00e9ve abban az esetben amennyiben az alv\u00e1llalkoz\u00f3ja (Pl: fut\u00e1rszolg\u00e1lat \/ k\u00f6zponti iroda ahonnan a kisz\u00e1ll\u00edt\u00e1s t\u00f6rt\u00e9nik.A web\u00e1ruh\u00e1z b\u00f6ng\u00e9sz\u00e9se folyam\u00e1n technikai inform\u00e1ci\u00f3k ker\u00fclnek r\u00f6gz\u00edt\u00e9sre statisztikai c\u00e9lokb\u00f3l. (IP c\u00edm, l\u00e1togat\u00e1s id\u0151tartama, stb). Ezen adatokat [&hellip;]<\/p>\n","protected":false},"author":1,"featured_media":0,"parent":0,"menu_order":0,"comment_status":"closed","ping_status":"closed","template":"elementor_header_footer","meta":{"_mi_skip_tracking":false,"footnotes":""},"class_list":["post-604","page","type-page","status-publish","hentry"],"aioseo_notices":[],"_links":{"self":[{"href":"https:\/\/fafila.hu\/index.php?rest_route=\/wp\/v2\/pages\/604","targetHints":{"allow":["GET"]}}],"collection":[{"href":"https:\/\/fafila.hu\/index.php?rest_route=\/wp\/v2\/pages"}],"about":[{"href":"https:\/\/fafila.hu\/index.php?rest_route=\/wp\/v2\/types\/page"}],"author":[{"embeddable":true,"href":"https:\/\/fafila.hu\/index.php?rest_route=\/wp\/v2\/users\/1"}],"replies":[{"embeddable":true,"href":"https:\/\/fafila.hu\/index.php?rest_route=%2Fwp%2Fv2%2Fcomments&post=604"}],"version-history":[{"count":10,"href":"https:\/\/fafila.hu\/index.php?rest_route=\/wp\/v2\/pages\/604\/revisions"}],"predecessor-version":[{"id":1078,"href":"https:\/\/fafila.hu\/index.php?rest_route=\/wp\/v2\/pages\/604\/revisions\/1078"}],"wp:attachment":[{"href":"https:\/\/fafila.hu\/index.php?rest_route=%2Fwp%2Fv2%2Fmedia&parent=604"}],"curies":[{"name":"wp","href":"https:\/\/api.w.org\/{rel}","templated":true}]}}