{"id":755,"date":"2021-03-15T08:59:22","date_gmt":"2021-03-15T08:59:22","guid":{"rendered":"https:\/\/fafila.hu\/?post_type=product&#038;p=755"},"modified":"2025-04-12T06:06:44","modified_gmt":"2025-04-12T06:06:44","slug":"hinta-agy-nad-tetovel-ingyen-kiszallitas-es-osszeszereles","status":"publish","type":"product","link":"https:\/\/fafila.hu\/?product=hinta-agy-nad-tetovel-ingyen-kiszallitas-es-osszeszereles","title":{"rendered":"R\u00f6nkfa hinta\u00e1gy n\u00e1d tet\u0151vel 1,75m"},"content":{"rendered":"<p>A Fafila fedett hinta\u00e1gya b\u00e1rmilyen csal\u00e1di illetve bar\u00e1ti esem\u00e9nyhez t\u00f6k\u00e9letes helyet ny\u00fajt. \u00c1rny\u00e9kot biztos\u00edt a t\u0171z\u0151 nap ellen \u00e9s v\u00e9delmet az es\u0151t\u0151l. A laz\u00farfest\u00e9ssel selyemf\u00e9nyt \u00e9s hosszabb fa \u00e9lettartamot tudunk garant\u00e1lni. Rendelhet\u0151 di\u00f3 \u00e9s mahag\u00f3ni sz\u00ednekben, valamint t\u00f6bb m\u00e9retben!<\/p>\n<p><strong>Alapanyag<\/strong>: 100% feny\u0151f\u00e1b\u00f3l k\u00e9sz\u00edtj\u00fck<\/p>\n<p><strong>Fest\u00e9s<\/strong>: 2 r\u00e9tegben ker\u00fcl felhord\u00e1sra, j\u00f3 min\u0151s\u00e9g\u0171\u00a0 laz\u00far v\u00edzb\u00e1zis\u00fa fest\u00e9kkel!<\/p>\n<p><strong>Tet\u0151: N\u00e1d<\/strong><\/p>\n<p><strong>M\u00e9ret<\/strong>: 2,5m<\/p>\n<p><strong>\u00dcl\u0151fel\u00fclet<\/strong>: 1,75m<\/p>\n<p>Az egyedi k\u00e9r\u00e9seket k\u00fcl\u00f6n \u00e1rszab\u00e1ssal tudjuk elk\u00e9sz\u00edteni. Tervezze meg \u00e1lmai filag\u00f3ri\u00e1j\u00e1t!<\/p>\n<p>Figyelem: Az \u00e1r tartalmazza a kisz\u00e1ll\u00edt\u00e1st Magyarorsz\u00e1g teljes ter\u00fclet\u00e9re, a ki\u00e9rkez\u0151 szakemberek ingyenesen \u00f6ssze is szerelik a kerti b\u00fatort az \u00d6n \u00e1ltal k\u00edv\u00e1nt helyen, \u00edgy garant\u00e1ljuk, hogy \u00d6n el\u00e9gedett legyen!<\/p>\n<p>V\u00e1laszthat\u00f3 sz\u00ednek: Di\u00f3 \u00e9s Mahag\u00f3ni<\/p>\n<p>\u00c1r: 220.000.-Ft<\/p>\n","protected":false},"excerpt":{"rendered":"<p>A Fafila fedett hinta\u00e1gya b\u00e1rmilyen csal\u00e1di illetve bar\u00e1ti esem\u00e9nyhez t\u00f6k\u00e9letes helyet ny\u00fajt. \u00c1rny\u00e9kot biztos\u00edt a t\u0171z\u0151 nap ellen \u00e9s v\u00e9delmet az es\u0151t\u0151l. A laz\u00farfest\u00e9ssel selyemf\u00e9nyt \u00e9s hosszabb fa \u00e9lettartamot tudunk garant\u00e1lni. Rendelhet\u0151 di\u00f3 \u00e9s mahag\u00f3ni sz\u00ednekben, valamint t\u00f6bb m\u00e9retben!<\/p>\n<p><strong>Alapanyag<\/strong>: 100% feny\u0151f\u00e1b\u00f3l k\u00e9sz\u00edtj\u00fck<\/p>\n<p><strong>Fest\u00e9s<\/strong>: 2 r\u00e9tegben ker\u00fcl felhord\u00e1sra, j\u00f3 min\u0151s\u00e9g\u0171\u00a0 laz\u00far v\u00edzb\u00e1zis\u00fa fest\u00e9kkel!<\/p>\n<p><strong>Tet\u0151: N\u00e1d<\/strong><\/p>\n<p><strong>M\u00e9ret<\/strong>: 2,5m<\/p>\n<p><strong>\u00dcl\u0151fel\u00fclet<\/strong>: 1,75m<\/p>\n<p>Az egyedi k\u00e9r\u00e9seket k\u00fcl\u00f6n \u00e1rszab\u00e1ssal tudjuk elk\u00e9sz\u00edteni. Tervezze meg \u00e1lmai filag\u00f3ri\u00e1j\u00e1t!<\/p>\n<p>Figyelem: Az \u00e1r tartalmazza a kisz\u00e1ll\u00edt\u00e1st Magyarorsz\u00e1g teljes ter\u00fclet\u00e9re, a ki\u00e9rkez\u0151 szakemberek ingyenesen \u00f6ssze is szerelik a kerti b\u00fatort az \u00d6n \u00e1ltal k\u00edv\u00e1nt helyen, \u00edgy garant\u00e1ljuk, hogy \u00d6n el\u00e9gedett legyen!<\/p>\n<p>V\u00e1laszthat\u00f3 sz\u00ednek: Di\u00f3 \u00e9s Mahag\u00f3ni<\/p>\n<p>\u00c1r: 220.000.-Ft<\/p>\n","protected":false},"featured_media":758,"comment_status":"open","ping_status":"closed","template":"","meta":{"_mi_skip_tracking":false},"product_cat":[45],"product_tag":[],"class_list":{"0":"post-755","1":"product","2":"type-product","3":"status-publish","4":"has-post-thumbnail","6":"product_cat-ronkfa_kerti_butorok","7":"pa_szin-dio","8":"pa_szin-mahagoni","10":"first","11":"instock","12":"sale","13":"shipping-taxable","14":"purchasable","15":"product-type-variable"},"aioseo_notices":[],"_links":{"self":[{"href":"https:\/\/fafila.hu\/index.php?rest_route=\/wp\/v2\/product\/755","targetHints":{"allow":["GET"]}}],"collection":[{"href":"https:\/\/fafila.hu\/index.php?rest_route=\/wp\/v2\/product"}],"about":[{"href":"https:\/\/fafila.hu\/index.php?rest_route=\/wp\/v2\/types\/product"}],"replies":[{"embeddable":true,"href":"https:\/\/fafila.hu\/index.php?rest_route=%2Fwp%2Fv2%2Fcomments&post=755"}],"wp:featuredmedia":[{"embeddable":true,"href":"https:\/\/fafila.hu\/index.php?rest_route=\/wp\/v2\/media\/758"}],"wp:attachment":[{"href":"https:\/\/fafila.hu\/index.php?rest_route=%2Fwp%2Fv2%2Fmedia&parent=755"}],"wp:term":[{"taxonomy":"product_cat","embeddable":true,"href":"https:\/\/fafila.hu\/index.php?rest_route=%2Fwp%2Fv2%2Fproduct_cat&post=755"},{"taxonomy":"product_tag","embeddable":true,"href":"https:\/\/fafila.hu\/index.php?rest_route=%2Fwp%2Fv2%2Fproduct_tag&post=755"}],"curies":[{"name":"wp","href":"https:\/\/api.w.org\/{rel}","templated":true}]}}